{"id":2436,"date":"2024-05-03T06:35:14","date_gmt":"2024-05-03T06:35:14","guid":{"rendered":"https:\/\/helenefornord.dk\/?page_id=2436"},"modified":"2025-04-02T09:02:58","modified_gmt":"2025-04-02T09:02:58","slug":"guidede-ture","status":"publish","type":"page","link":"https:\/\/helenefornord.dk\/index.php\/guidede-ture\/","title":{"rendered":"Guidede ture"},"content":{"rendered":"\n<p>Har du og din gruppe lyst til at:<\/p>\n\n\n\n<figure class=\"wp-block-gallery alignright has-nested-images columns-default is-cropped wp-block-gallery-1 is-layout-flex wp-block-gallery-is-layout-flex\">\n<figure class=\"wp-block-image size-large\"><img fetchpriority=\"high\" decoding=\"async\" width=\"768\" height=\"1024\" data-id=\"2475\" src=\"https:\/\/helenefornord.dk\/wp-content\/uploads\/2024\/11\/20241026_115453-768x1024.jpg\" alt=\"\" class=\"wp-image-2475\" srcset=\"https:\/\/helenefornord.dk\/wp-content\/uploads\/2024\/11\/20241026_115453-768x1024.jpg 768w, https:\/\/helenefornord.dk\/wp-content\/uploads\/2024\/11\/20241026_115453-225x300.jpg 225w, https:\/\/helenefornord.dk\/wp-content\/uploads\/2024\/11\/20241026_115453-2000x2667.jpg 2000w, https:\/\/helenefornord.dk\/wp-content\/uploads\/2024\/11\/20241026_115453-scaled.jpg 1440w\" sizes=\"(max-width: 768px) 100vw, 768px\" \/><\/figure>\n\n\n\n<figure class=\"wp-block-image size-large\"><img decoding=\"async\" width=\"768\" height=\"1024\" data-id=\"2477\" src=\"https:\/\/helenefornord.dk\/wp-content\/uploads\/2024\/11\/20241026_121714-768x1024.jpg\" alt=\"\" class=\"wp-image-2477\" srcset=\"https:\/\/helenefornord.dk\/wp-content\/uploads\/2024\/11\/20241026_121714-768x1024.jpg 768w, https:\/\/helenefornord.dk\/wp-content\/uploads\/2024\/11\/20241026_121714-225x300.jpg 225w, https:\/\/helenefornord.dk\/wp-content\/uploads\/2024\/11\/20241026_121714-2000x2667.jpg 2000w, https:\/\/helenefornord.dk\/wp-content\/uploads\/2024\/11\/20241026_121714-scaled.jpg 1440w\" sizes=\"(max-width: 768px) 100vw, 768px\" \/><\/figure>\n\n\n\n<figure class=\"wp-block-image size-large\"><img decoding=\"async\" width=\"768\" height=\"1024\" data-id=\"2473\" src=\"https:\/\/helenefornord.dk\/wp-content\/uploads\/2024\/11\/20240929_070642-768x1024.jpg\" alt=\"\" class=\"wp-image-2473\" srcset=\"https:\/\/helenefornord.dk\/wp-content\/uploads\/2024\/11\/20240929_070642-768x1024.jpg 768w, https:\/\/helenefornord.dk\/wp-content\/uploads\/2024\/11\/20240929_070642-225x300.jpg 225w, https:\/\/helenefornord.dk\/wp-content\/uploads\/2024\/11\/20240929_070642-2000x2667.jpg 2000w, https:\/\/helenefornord.dk\/wp-content\/uploads\/2024\/11\/20240929_070642-scaled.jpg 1440w\" sizes=\"(max-width: 768px) 100vw, 768px\" \/><\/figure>\n\n\n\n<figure class=\"wp-block-image size-large\"><img loading=\"lazy\" decoding=\"async\" width=\"1024\" height=\"768\" data-id=\"2446\" src=\"https:\/\/helenefornord.dk\/wp-content\/uploads\/2024\/05\/Tanja-i-koeje-1024x768.jpg\" alt=\"\" class=\"wp-image-2446\" srcset=\"https:\/\/helenefornord.dk\/wp-content\/uploads\/2024\/05\/Tanja-i-koeje-1024x768.jpg 1024w, https:\/\/helenefornord.dk\/wp-content\/uploads\/2024\/05\/Tanja-i-koeje-300x225.jpg 300w, https:\/\/helenefornord.dk\/wp-content\/uploads\/2024\/05\/Tanja-i-koeje-2000x1500.jpg 2000w, https:\/\/helenefornord.dk\/wp-content\/uploads\/2024\/05\/Tanja-i-koeje-scaled.jpg 1920w\" sizes=\"(max-width: 1024px) 100vw, 1024px\" \/><\/figure>\n\n\n\n<figure class=\"wp-block-image size-large\"><img loading=\"lazy\" decoding=\"async\" width=\"768\" height=\"1024\" data-id=\"2474\" src=\"https:\/\/helenefornord.dk\/wp-content\/uploads\/2024\/11\/20241026_134847-768x1024.jpg\" alt=\"\" class=\"wp-image-2474\" srcset=\"https:\/\/helenefornord.dk\/wp-content\/uploads\/2024\/11\/20241026_134847-768x1024.jpg 768w, https:\/\/helenefornord.dk\/wp-content\/uploads\/2024\/11\/20241026_134847-225x300.jpg 225w, https:\/\/helenefornord.dk\/wp-content\/uploads\/2024\/11\/20241026_134847-2000x2667.jpg 2000w, https:\/\/helenefornord.dk\/wp-content\/uploads\/2024\/11\/20241026_134847-scaled.jpg 1440w\" sizes=\"(max-width: 768px) 100vw, 768px\" \/><\/figure>\n\n\n\n<figure class=\"wp-block-image size-large\"><img loading=\"lazy\" decoding=\"async\" width=\"1024\" height=\"768\" data-id=\"2471\" src=\"https:\/\/helenefornord.dk\/wp-content\/uploads\/2024\/11\/20241026_135927-1024x768.jpg\" alt=\"\" class=\"wp-image-2471\" srcset=\"https:\/\/helenefornord.dk\/wp-content\/uploads\/2024\/11\/20241026_135927-1024x768.jpg 1024w, https:\/\/helenefornord.dk\/wp-content\/uploads\/2024\/11\/20241026_135927-300x225.jpg 300w, https:\/\/helenefornord.dk\/wp-content\/uploads\/2024\/11\/20241026_135927-2000x1500.jpg 2000w, https:\/\/helenefornord.dk\/wp-content\/uploads\/2024\/11\/20241026_135927-scaled.jpg 1920w\" sizes=\"(max-width: 1024px) 100vw, 1024px\" \/><\/figure>\n\n\n\n<figure class=\"wp-block-image size-large\"><img loading=\"lazy\" decoding=\"async\" width=\"1024\" height=\"768\" data-id=\"2472\" src=\"https:\/\/helenefornord.dk\/wp-content\/uploads\/2024\/11\/20240716_204942-1024x768.jpg\" alt=\"\" class=\"wp-image-2472\" srcset=\"https:\/\/helenefornord.dk\/wp-content\/uploads\/2024\/11\/20240716_204942-1024x768.jpg 1024w, https:\/\/helenefornord.dk\/wp-content\/uploads\/2024\/11\/20240716_204942-300x225.jpg 300w, https:\/\/helenefornord.dk\/wp-content\/uploads\/2024\/11\/20240716_204942-2000x1500.jpg 2000w, https:\/\/helenefornord.dk\/wp-content\/uploads\/2024\/11\/20240716_204942-scaled.jpg 1920w\" sizes=\"(max-width: 1024px) 100vw, 1024px\" \/><\/figure>\n\n\n\n<figure class=\"wp-block-image size-large\"><img loading=\"lazy\" decoding=\"async\" width=\"1024\" height=\"768\" data-id=\"2479\" src=\"https:\/\/helenefornord.dk\/wp-content\/uploads\/2024\/11\/1-194bc7a5-1024x768.jpg\" alt=\"\" class=\"wp-image-2479\" srcset=\"https:\/\/helenefornord.dk\/wp-content\/uploads\/2024\/11\/1-194bc7a5-1024x768.jpg 1024w, https:\/\/helenefornord.dk\/wp-content\/uploads\/2024\/11\/1-194bc7a5-300x225.jpg 300w, https:\/\/helenefornord.dk\/wp-content\/uploads\/2024\/11\/1-194bc7a5-2000x1500.jpg 2000w, https:\/\/helenefornord.dk\/wp-content\/uploads\/2024\/11\/1-194bc7a5-scaled.jpg 1920w\" sizes=\"(max-width: 1024px) 100vw, 1024px\" \/><\/figure>\n\n\n\n<figure class=\"wp-block-image size-large\"><img loading=\"lazy\" decoding=\"async\" width=\"768\" height=\"1024\" data-id=\"2480\" src=\"https:\/\/helenefornord.dk\/wp-content\/uploads\/2024\/11\/IMG_2298-1-768x1024.jpg\" alt=\"\" class=\"wp-image-2480\" srcset=\"https:\/\/helenefornord.dk\/wp-content\/uploads\/2024\/11\/IMG_2298-1-768x1024.jpg 768w, https:\/\/helenefornord.dk\/wp-content\/uploads\/2024\/11\/IMG_2298-1-225x300.jpg 225w, https:\/\/helenefornord.dk\/wp-content\/uploads\/2024\/11\/IMG_2298-1-2000x2667.jpg 2000w, https:\/\/helenefornord.dk\/wp-content\/uploads\/2024\/11\/IMG_2298-1-scaled.jpg 1440w\" sizes=\"(max-width: 768px) 100vw, 768px\" \/><\/figure>\n<\/figure>\n\n\n\n<ul class=\"wp-block-list\">\n<li>komme mere ud i naturen<\/li>\n\n\n\n<li>bruge din krop<\/li>\n\n\n\n<li>udfordre din komfortzone p\u00e5 en tryg m\u00e5de<\/li>\n\n\n\n<li>f\u00e5 en helt s\u00e6rlig f\u00e6lles oplevelse med din gruppe?<\/li>\n<\/ul>\n\n\n\n<p>S\u00e5 har jeg turen til dig! &#8211; For vi skal da udleve vores dr\u00f8mme, ikke? <\/p>\n\n\n\n<p>Din gruppe kan v\u00e6re venner, veninder, forening, klub, virksomhed og hvad der ellers passer for dig.<\/p>\n\n\n\n<p>Jeg laver jeres vandretur, s\u00e5 den passer til dig og din gruppe. Du f\u00e5r at vide, hvor I skal m\u00f8de, hvad I skal have med og hvad I kan forvente. Jeg planl\u00e6gger, st\u00e5r for det praktiske og er med hele vejen.<\/p>\n\n\n\n<p>Jeg tilbyder b\u00e5de dagsture og ture med overnatning i shelter, telt eller h\u00e6ngek\u00f8je (alt efter, hvor mange vi er). Jeg arrangerer ogs\u00e5 temature, hvor indholdet er undervisning, workshops mm.<\/p>\n\n\n\n<p>Du finder mere information om de kommende ture her p\u00e5 siden, s\u00e5 snart dato for n\u00e6ste arrangement er p\u00e5 plads.<\/p>\n\n\n\n<p>Har du specielle \u00f8nsker til en tur? <a href=\"https:\/\/helenefornord.dk\/index.php\/kontakt\/\" data-type=\"page\" data-id=\"74\" target=\"_blank\" rel=\"noreferrer noopener\">Skriv til mig, s\u00e5 finder vi en l\u00f8sning, der passer til lige din gruppe<\/a><\/p>\n\n\n\n<p><\/p>\n","protected":false},"excerpt":{"rendered":"<p>Har du og din gruppe lyst til at: S\u00e5 har jeg turen til dig! &#8211; For vi skal da udleve vores dr\u00f8mme, ikke? Din gruppe kan v\u00e6re venner, veninder, forening, klub, virksomhed og hvad der ellers passer for dig. Jeg laver jeres vandretur, s\u00e5 den passer til dig og din gruppe. Du f\u00e5r at vide, &hellip; <\/p>\n<p class=\"link-more\"><a href=\"https:\/\/helenefornord.dk\/index.php\/guidede-ture\/\" class=\"more-link\">L\u00e6s mere<span class=\"screen-reader-text\"> \u201cGuidede ture\u201d<\/span><\/a><\/p>\n","protected":false},"author":1,"featured_media":0,"parent":0,"menu_order":0,"comment_status":"closed","ping_status":"closed","template":"","meta":{"inspiro_hide_title":false,"footnotes":""},"class_list":["post-2436","page","type-page","status-publish","hentry"],"featured_media_urls":[],"_links":{"self":[{"href":"https:\/\/helenefornord.dk\/index.php\/wp-json\/wp\/v2\/pages\/2436","targetHints":{"allow":["GET"]}}],"collection":[{"href":"https:\/\/helenefornord.dk\/index.php\/wp-json\/wp\/v2\/pages"}],"about":[{"href":"https:\/\/helenefornord.dk\/index.php\/wp-json\/wp\/v2\/types\/page"}],"author":[{"embeddable":true,"href":"https:\/\/helenefornord.dk\/index.php\/wp-json\/wp\/v2\/users\/1"}],"replies":[{"embeddable":true,"href":"https:\/\/helenefornord.dk\/index.php\/wp-json\/wp\/v2\/comments?post=2436"}],"version-history":[{"count":3,"href":"https:\/\/helenefornord.dk\/index.php\/wp-json\/wp\/v2\/pages\/2436\/revisions"}],"predecessor-version":[{"id":2629,"href":"https:\/\/helenefornord.dk\/index.php\/wp-json\/wp\/v2\/pages\/2436\/revisions\/2629"}],"wp:attachment":[{"href":"https:\/\/helenefornord.dk\/index.php\/wp-json\/wp\/v2\/media?parent=2436"}],"curies":[{"name":"wp","href":"https:\/\/api.w.org\/{rel}","templated":true}]}}