{"id":17,"date":"2022-01-29T15:05:46","date_gmt":"2022-01-29T15:05:46","guid":{"rendered":"https:\/\/helenefornord.dk\/?page_id=17"},"modified":"2025-03-23T15:21:31","modified_gmt":"2025-03-23T15:21:31","slug":"om-mig","status":"publish","type":"page","link":"https:\/\/helenefornord.dk\/index.php\/om-mig\/","title":{"rendered":"Om mig"},"content":{"rendered":"\t\t<div data-elementor-type=\"wp-page\" data-elementor-id=\"17\" class=\"elementor elementor-17\">\n\t\t\t\t\t\t<section class=\"elementor-section elementor-top-section elementor-element elementor-element-66739d12 elementor-section-boxed elementor-section-height-default elementor-section-height-default\" data-id=\"66739d12\" data-element_type=\"section\" data-e-type=\"section\">\n\t\t\t\t\t\t<div class=\"elementor-container elementor-column-gap-default\">\n\t\t\t\t\t<div class=\"elementor-column elementor-col-100 elementor-top-column elementor-element elementor-element-4a32b972\" data-id=\"4a32b972\" data-element_type=\"column\" data-e-type=\"column\">\n\t\t\t<div class=\"elementor-widget-wrap elementor-element-populated\">\n\t\t\t\t\t\t<div class=\"elementor-element elementor-element-785d9bed elementor-widget elementor-widget-text-editor\" data-id=\"785d9bed\" data-element_type=\"widget\" data-e-type=\"widget\" data-widget_type=\"text-editor.default\">\n\t\t\t\t<div class=\"elementor-widget-container\">\n\t\t\t\t\t\t\t\t\t<p><\/p>\n<p>Jeg hedder Helene Fruelund og er opvokset i H\u00f8jbjerg ved Aarhus. Jeg har altid kunnet lide at v\u00e6re udenfor og jeg har altid f\u00e5et lov til at pr\u00f8ve mine kr\u00e6fter af i naturen: Jeg sv\u00f8mmede s\u00e5 langt ud jeg ville, klatrede s\u00e5 h\u00f8jt op i tr\u00e6erne, som jeg turde, tog p\u00e5 lange skiture i Norge og fik lov at balancere p\u00e5 ret smalle tr\u00e6stammer over ret h\u00f8je skr\u00e6nter: \u201cHelene, du m\u00e6rker selv efter, om du tror du kan\u201d \u2026 P\u00e5 det omr\u00e5de har jeg vist nogle ret rummelige for\u00e6ldre (med helt anderledes regler, n\u00e5r det kom til fester, makeup og \u201csk\u00e6rmtid\u201d.\u00a0<\/p>\n<p><span style=\"color: #000000; font-size: 1rem; font-family: var( --e-global-typography-text-font-family ), Sans-serif;\">Jeg er uddannet sociologi ved Universitetet i hhv. Oslo og Aarhus, arbejder som udviklingskonsulent i Hedensted Kommune, selvst\u00e6ndig skribent i min lille virksomhed helenefruelund.dk, mor, husejer, bor i Stouby &#8211; mellem Vejle og Juelsminde: Den sk\u00f8nneste lille landsby med en masse fantastiske mennesker og en natur, der har b\u00e5de kystlinje og kuperet skov. Derfor var Corona-hjemsendelsen heldigvis nem, n\u00e5r det g\u00e6lder tr\u00e6ning: Det foreg\u00e5r i min \u201cbaghave\u201d (sv\u00f8mning, cykling og l\u00f8b &#8211; der er INGEN undskyldning. Kun hvis vandet er virkelig koldt. S\u00e5 kalder vi det vinterbadning i stedet for sv\u00f8mning).<\/span><\/p>\n<p><\/p>\t\t\t\t\t\t\t\t<\/div>\n\t\t\t\t<\/div>\n\t\t\t\t\t<\/div>\n\t\t<\/div>\n\t\t\t\t\t<\/div>\n\t\t<\/section>\n\t\t\t\t<\/div>\n\t\t","protected":false},"excerpt":{"rendered":"<p>Jeg hedder Helene Fruelund og er opvokset i H\u00f8jbjerg ved Aarhus. Jeg har altid kunnet lide at v\u00e6re udenfor og jeg har altid f\u00e5et lov til at pr\u00f8ve mine kr\u00e6fter af i naturen: Jeg sv\u00f8mmede s\u00e5 langt ud jeg ville, klatrede s\u00e5 h\u00f8jt op i tr\u00e6erne, som jeg turde, tog p\u00e5 lange skiture i Norge &hellip; <\/p>\n<p class=\"link-more\"><a href=\"https:\/\/helenefornord.dk\/index.php\/om-mig\/\" class=\"more-link\">L\u00e6s mere<span class=\"screen-reader-text\"> \u201cOm mig\u201d<\/span><\/a><\/p>\n","protected":false},"author":1,"featured_media":0,"parent":0,"menu_order":0,"comment_status":"closed","ping_status":"closed","template":"","meta":{"inspiro_hide_title":false,"footnotes":""},"class_list":["post-17","page","type-page","status-publish","hentry"],"featured_media_urls":[],"_links":{"self":[{"href":"https:\/\/helenefornord.dk\/index.php\/wp-json\/wp\/v2\/pages\/17","targetHints":{"allow":["GET"]}}],"collection":[{"href":"https:\/\/helenefornord.dk\/index.php\/wp-json\/wp\/v2\/pages"}],"about":[{"href":"https:\/\/helenefornord.dk\/index.php\/wp-json\/wp\/v2\/types\/page"}],"author":[{"embeddable":true,"href":"https:\/\/helenefornord.dk\/index.php\/wp-json\/wp\/v2\/users\/1"}],"replies":[{"embeddable":true,"href":"https:\/\/helenefornord.dk\/index.php\/wp-json\/wp\/v2\/comments?post=17"}],"version-history":[{"count":45,"href":"https:\/\/helenefornord.dk\/index.php\/wp-json\/wp\/v2\/pages\/17\/revisions"}],"predecessor-version":[{"id":2460,"href":"https:\/\/helenefornord.dk\/index.php\/wp-json\/wp\/v2\/pages\/17\/revisions\/2460"}],"wp:attachment":[{"href":"https:\/\/helenefornord.dk\/index.php\/wp-json\/wp\/v2\/media?parent=17"}],"curies":[{"name":"wp","href":"https:\/\/api.w.org\/{rel}","templated":true}]}}